{"id":4075,"date":"2024-12-10T22:47:49","date_gmt":"2024-12-10T21:47:49","guid":{"rendered":"https:\/\/cordballon.com\/?post_type=product&#038;p=4075"},"modified":"2024-12-10T22:47:49","modified_gmt":"2024-12-10T21:47:49","slug":"4-00x18-cord-ballon-stary-wzor-goodyear-sport-special-all-weather","status":"publish","type":"product","link":"https:\/\/cordballon.com\/en\/product\/4-00x18-cord-ballon-stary-wzor-goodyear-sport-special-all-weather\/","title":{"rendered":"4.00&#215;18 CORD BALLON (stary wz\u00f3r GOODYEAR SPORT SPECIAL ALL WEATHER)"},"content":{"rendered":"<p>Opona SPORT SPECIAL 4.00&#215;18 CORD BALLON ALL WEATHER ( stary wz\u00f3r GOODYEAR)<\/p>\n<p>Opona bardziej wzmocniona HEAVY DUTY 6PLY oraz znacznie powi\u0119kszona do WYMIAR\u00d3W:<\/p>\n<p>\u015aREDNICA ZEWN\u0118TRZNA = <strong>684mm<\/strong><\/p>\n<p>SZEROKO\u015a\u0106 w BALONIE = <strong>112mm <\/strong><\/p>\n<p>WYSOKO\u015a\u0106 BIE\u017bNIKA = <strong>8mm<\/strong><\/p>","protected":false},"excerpt":{"rendered":"<p>Opona SPORT SPECIAL 4.00&#215;18 CORD BALLON ALL WEATHER ( stary wz\u00f3r GOODYEAR) Opona bardziej wzmocniona HEAVY DUTY 6PLY oraz znacznie powi\u0119kszona do WYMIAR\u00d3W: \u015aREDNICA ZEWN\u0118TRZNA = 684mm SZEROKO\u015a\u0106 w BALONIE = 112mm WYSOKO\u015a\u0106 BIE\u017bNIKA = 8mm<\/p>","protected":false},"featured_media":4076,"template":"","meta":[],"product_cat":[119],"product_tag":[],"class_list":{"0":"post-4075","1":"product","2":"type-product","3":"status-publish","4":"has-post-thumbnail","6":"product_cat-reifen","8":"first","9":"instock","10":"taxable","11":"shipping-taxable","12":"product-type-simple"},"_links":{"self":[{"href":"https:\/\/cordballon.com\/en\/wp-json\/wp\/v2\/product\/4075","targetHints":{"allow":["GET"]}}],"collection":[{"href":"https:\/\/cordballon.com\/en\/wp-json\/wp\/v2\/product"}],"about":[{"href":"https:\/\/cordballon.com\/en\/wp-json\/wp\/v2\/types\/product"}],"wp:featuredmedia":[{"embeddable":true,"href":"https:\/\/cordballon.com\/en\/wp-json\/wp\/v2\/media\/4076"}],"wp:attachment":[{"href":"https:\/\/cordballon.com\/en\/wp-json\/wp\/v2\/media?parent=4075"}],"wp:term":[{"taxonomy":"product_cat","embeddable":true,"href":"https:\/\/cordballon.com\/en\/wp-json\/wp\/v2\/product_cat?post=4075"},{"taxonomy":"product_tag","embeddable":true,"href":"https:\/\/cordballon.com\/en\/wp-json\/wp\/v2\/product_tag?post=4075"}],"curies":[{"name":"wp","href":"https:\/\/api.w.org\/{rel}","templated":true}]}}