{"id":4079,"date":"2024-12-10T22:51:50","date_gmt":"2024-12-10T21:51:50","guid":{"rendered":"https:\/\/cordballon.com\/?post_type=product&#038;p=4079"},"modified":"2024-12-10T22:51:50","modified_gmt":"2024-12-10T21:51:50","slug":"gelaende-verstaerkt-120x16-cord-ballon-stary-wzor-metzeler-odpowiednik-opony-450x16","status":"publish","type":"product","link":"https:\/\/cordballon.com\/en\/product\/gelaende-verstaerkt-120x16-cord-ballon-stary-wzor-metzeler-odpowiednik-opony-450x16\/","title":{"rendered":"GEL\u00c4NDE VERST\u00c4RKT 120&#215;16 CORD BALLON (stary wz\u00f3r METZELER) odpowiednik\u00a0opony\u00a04,50&#215;16"},"content":{"rendered":"<p>Opona do motocykli BMW R75 + ZUNDAPP KS750 &#8212; TERENOW\u0104 120&#215;16 CORD BALLON (4,50&#215;16 stary wz\u00f3r METZELER) GEL\u00c4NDE VERST\u00c4RKT ( f.\u00fc.s.K. = f\u00fcr \u00fcberschweres Krad \/ dla bardzo ci\u0119\u017ckich motocykli ) niespotykane wzmocnienie 8PR oraz indeks 72N z homologacj\u0105 Europejsk\u0105 ECE E4 orazz ameryka\u0144skim DOT<\/p>\n<p>Opona zosta\u0142a nieznacznie powi\u0119kszona do WYMIAR\u00d3W:<\/p>\n<p>\u015aREDNICA ZEWN\u0118TRZNA = <strong>654mm <\/strong><\/p>\n<p>SZEROKO\u015a\u0106 w BALONIE = <strong>129mm <\/strong><\/p>\n<p>WYSOKO\u015a\u0106 BIE\u017bNIKA = <strong>11mm<\/strong><\/p>","protected":false},"excerpt":{"rendered":"<p>Opona do motocykli BMW R75 + ZUNDAPP KS750 &#8212; TERENOW\u0104 120&#215;16 CORD BALLON (4,50&#215;16 stary wz\u00f3r METZELER) GEL\u00c4NDE VERST\u00c4RKT ( f.\u00fc.s.K. = f\u00fcr \u00fcberschweres Krad \/ dla bardzo ci\u0119\u017ckich motocykli ) niespotykane wzmocnienie 8PR oraz indeks 72N z homologacj\u0105 Europejsk\u0105 ECE E4 orazz ameryka\u0144skim DOT Opona zosta\u0142a nieznacznie powi\u0119kszona do WYMIAR\u00d3W: \u015aREDNICA ZEWN\u0118TRZNA = 654mm[&#8230;]<\/p>","protected":false},"featured_media":4080,"template":"","meta":[],"product_cat":[119],"product_tag":[],"class_list":{"0":"post-4079","1":"product","2":"type-product","3":"status-publish","4":"has-post-thumbnail","6":"product_cat-reifen","8":"first","9":"instock","10":"taxable","11":"shipping-taxable","12":"product-type-simple"},"_links":{"self":[{"href":"https:\/\/cordballon.com\/en\/wp-json\/wp\/v2\/product\/4079","targetHints":{"allow":["GET"]}}],"collection":[{"href":"https:\/\/cordballon.com\/en\/wp-json\/wp\/v2\/product"}],"about":[{"href":"https:\/\/cordballon.com\/en\/wp-json\/wp\/v2\/types\/product"}],"wp:featuredmedia":[{"embeddable":true,"href":"https:\/\/cordballon.com\/en\/wp-json\/wp\/v2\/media\/4080"}],"wp:attachment":[{"href":"https:\/\/cordballon.com\/en\/wp-json\/wp\/v2\/media?parent=4079"}],"wp:term":[{"taxonomy":"product_cat","embeddable":true,"href":"https:\/\/cordballon.com\/en\/wp-json\/wp\/v2\/product_cat?post=4079"},{"taxonomy":"product_tag","embeddable":true,"href":"https:\/\/cordballon.com\/en\/wp-json\/wp\/v2\/product_tag?post=4079"}],"curies":[{"name":"wp","href":"https:\/\/api.w.org\/{rel}","templated":true}]}}